{"id":3167,"date":"2024-09-04T13:43:04","date_gmt":"2024-09-04T16:43:04","guid":{"rendered":"https:\/\/egep.planejamento.rj.gov.br\/egep\/?page_id=3167"},"modified":"2026-03-09T11:11:36","modified_gmt":"2026-03-09T14:11:36","slug":"cursos","status":"publish","type":"page","link":"https:\/\/egep.planejamento.rj.gov.br\/egep\/cursos\/","title":{"rendered":"Cursos"},"content":{"rendered":"\n<div style=\"height:32px\" aria-hidden=\"true\" class=\"wp-block-spacer\"><\/div>\n\n\n\n<h2 class=\"wp-block-heading has-text-align-center has-text-color has-link-color wp-elements-37aebb5613da4464175551475cb35f63\" style=\"color:#355ea0\">Cursos<\/h2>\n\n\n\n<h4 class=\"wp-block-heading has-text-align-center has-text-color has-link-color has-large-font-size wp-elements-353a5f03308710d10ba5f53425b9dca3\" style=\"color:#000000ad\">Cursos de alta performance nas \u00e1reas de <br>planejamento e gest\u00e3o<\/h4>\n\n\n\n<div style=\"height:16px\" aria-hidden=\"true\" class=\"wp-block-spacer\"><\/div>\n\n\n\n<p class=\"has-text-align-center has-text-color has-link-color has-medium-font-size wp-elements-c25458ddeda066d48b481096ce53cd0d\" style=\"border-style:none;border-width:0px;color:#000000ad\"><\/p>\n\n\n<p>[pgdecursos]<\/p>\n\n\n\n<div style=\"height:46px\" aria-hidden=\"true\" class=\"wp-block-spacer\"><\/div>\n\n\n\n<p><\/p>\n","protected":false},"excerpt":{"rendered":"<p>Cursos Cursos de alta performance nas \u00e1reas de planejamento e gest\u00e3o<\/p>\n","protected":false},"author":2,"featured_media":0,"parent":0,"menu_order":0,"comment_status":"closed","ping_status":"closed","template":"wp-custom-template-index","meta":{"_monsterinsights_skip_tracking":false,"_monsterinsights_sitenote_active":false,"_monsterinsights_sitenote_note":"","_monsterinsights_sitenote_category":0,"footnotes":""},"class_list":["post-3167","page","type-page","status-publish","hentry"],"yoast_head":"<!-- This site is optimized with the Yoast SEO plugin v24.6 - https:\/\/yoast.com\/wordpress\/plugins\/seo\/ -->\n<title>Cursos - Escola de Gest\u00e3o P\u00fablica do Estado do Rio de Janeiro<\/title>\n<meta name=\"robots\" content=\"index, follow, max-snippet:-1, max-image-preview:large, max-video-preview:-1\" \/>\n<link rel=\"canonical\" href=\"https:\/\/egep.planejamento.rj.gov.br\/egep\/cursos\/\" \/>\n<meta property=\"og:locale\" content=\"pt_BR\" \/>\n<meta property=\"og:type\" content=\"article\" \/>\n<meta property=\"og:title\" content=\"Cursos - Escola de Gest\u00e3o P\u00fablica do Estado do Rio de Janeiro\" \/>\n<meta property=\"og:description\" content=\"Cursos Cursos de alta performance nas \u00e1reas de planejamento e gest\u00e3o\" \/>\n<meta property=\"og:url\" content=\"https:\/\/egep.planejamento.rj.gov.br\/egep\/cursos\/\" \/>\n<meta property=\"og:site_name\" content=\"Escola de Gest\u00e3o P\u00fablica do Estado do Rio de Janeiro\" \/>\n<meta property=\"article:modified_time\" content=\"2026-03-09T14:11:36+00:00\" \/>\n<meta name=\"twitter:card\" content=\"summary_large_image\" \/>\n<meta name=\"twitter:label1\" content=\"Est. tempo de leitura\" \/>\n\t<meta name=\"twitter:data1\" content=\"1 minuto\" \/>\n<script type=\"application\/ld+json\" class=\"yoast-schema-graph\">{\"@context\":\"https:\/\/schema.org\",\"@graph\":[{\"@type\":\"WebPage\",\"@id\":\"https:\/\/egep.planejamento.rj.gov.br\/egep\/cursos\/\",\"url\":\"https:\/\/egep.planejamento.rj.gov.br\/egep\/cursos\/\",\"name\":\"Cursos - Escola de Gest\u00e3o P\u00fablica do Estado do Rio de Janeiro\",\"isPartOf\":{\"@id\":\"https:\/\/egep.planejamento.rj.gov.br\/egep\/#website\"},\"datePublished\":\"2024-09-04T16:43:04+00:00\",\"dateModified\":\"2026-03-09T14:11:36+00:00\",\"breadcrumb\":{\"@id\":\"https:\/\/egep.planejamento.rj.gov.br\/egep\/cursos\/#breadcrumb\"},\"inLanguage\":\"pt-BR\",\"potentialAction\":[{\"@type\":\"ReadAction\",\"target\":[\"https:\/\/egep.planejamento.rj.gov.br\/egep\/cursos\/\"]}]},{\"@type\":\"BreadcrumbList\",\"@id\":\"https:\/\/egep.planejamento.rj.gov.br\/egep\/cursos\/#breadcrumb\",\"itemListElement\":[{\"@type\":\"ListItem\",\"position\":1,\"name\":\"In\u00edcio\",\"item\":\"https:\/\/egep.planejamento.rj.gov.br\/egep\/\"},{\"@type\":\"ListItem\",\"position\":2,\"name\":\"Cursos\"}]},{\"@type\":\"WebSite\",\"@id\":\"https:\/\/egep.planejamento.rj.gov.br\/egep\/#website\",\"url\":\"https:\/\/egep.planejamento.rj.gov.br\/egep\/\",\"name\":\"Escola de Gest\u00e3o P\u00fablica do Estado do Rio de Janeiro\",\"description\":\"A Escola de Gest\u00e3o P\u00fablica do Estado do Rio de Janeiro (EGEP\/RJ) integra a estrutura da Secretaria de Planejamento e Gest\u00e3o (SEPLAG)\",\"publisher\":{\"@id\":\"https:\/\/egep.planejamento.rj.gov.br\/egep\/#organization\"},\"alternateName\":\"EGEP\/RJ\",\"potentialAction\":[{\"@type\":\"SearchAction\",\"target\":{\"@type\":\"EntryPoint\",\"urlTemplate\":\"https:\/\/egep.planejamento.rj.gov.br\/egep\/?s={search_term_string}\"},\"query-input\":{\"@type\":\"PropertyValueSpecification\",\"valueRequired\":true,\"valueName\":\"search_term_string\"}}],\"inLanguage\":\"pt-BR\"},{\"@type\":\"Organization\",\"@id\":\"https:\/\/egep.planejamento.rj.gov.br\/egep\/#organization\",\"name\":\"Escola de Gest\u00e3o P\u00fablica do Estado do Rio de Janeiro\",\"url\":\"https:\/\/egep.planejamento.rj.gov.br\/egep\/\",\"logo\":{\"@type\":\"ImageObject\",\"inLanguage\":\"pt-BR\",\"@id\":\"https:\/\/egep.planejamento.rj.gov.br\/egep\/#\/schema\/logo\/image\/\",\"url\":\"https:\/\/egep.planejamento.rj.gov.br\/egep\/wp-content\/uploads\/2024\/02\/Egep_reduzida_colorida-1.png\",\"contentUrl\":\"https:\/\/egep.planejamento.rj.gov.br\/egep\/wp-content\/uploads\/2024\/02\/Egep_reduzida_colorida-1.png\",\"width\":714,\"height\":185,\"caption\":\"Escola de Gest\u00e3o P\u00fablica do Estado do Rio de Janeiro\"},\"image\":{\"@id\":\"https:\/\/egep.planejamento.rj.gov.br\/egep\/#\/schema\/logo\/image\/\"}}]}<\/script>\n<!-- \/ Yoast SEO plugin. -->","yoast_head_json":{"title":"Cursos - Escola de Gest\u00e3o P\u00fablica do Estado do Rio de Janeiro","robots":{"index":"index","follow":"follow","max-snippet":"max-snippet:-1","max-image-preview":"max-image-preview:large","max-video-preview":"max-video-preview:-1"},"canonical":"https:\/\/egep.planejamento.rj.gov.br\/egep\/cursos\/","og_locale":"pt_BR","og_type":"article","og_title":"Cursos - Escola de Gest\u00e3o P\u00fablica do Estado do Rio de Janeiro","og_description":"Cursos Cursos de alta performance nas \u00e1reas de planejamento e gest\u00e3o","og_url":"https:\/\/egep.planejamento.rj.gov.br\/egep\/cursos\/","og_site_name":"Escola de Gest\u00e3o P\u00fablica do Estado do Rio de Janeiro","article_modified_time":"2026-03-09T14:11:36+00:00","twitter_card":"summary_large_image","twitter_misc":{"Est. tempo de leitura":"1 minuto"},"schema":{"@context":"https:\/\/schema.org","@graph":[{"@type":"WebPage","@id":"https:\/\/egep.planejamento.rj.gov.br\/egep\/cursos\/","url":"https:\/\/egep.planejamento.rj.gov.br\/egep\/cursos\/","name":"Cursos - Escola de Gest\u00e3o P\u00fablica do Estado do Rio de Janeiro","isPartOf":{"@id":"https:\/\/egep.planejamento.rj.gov.br\/egep\/#website"},"datePublished":"2024-09-04T16:43:04+00:00","dateModified":"2026-03-09T14:11:36+00:00","breadcrumb":{"@id":"https:\/\/egep.planejamento.rj.gov.br\/egep\/cursos\/#breadcrumb"},"inLanguage":"pt-BR","potentialAction":[{"@type":"ReadAction","target":["https:\/\/egep.planejamento.rj.gov.br\/egep\/cursos\/"]}]},{"@type":"BreadcrumbList","@id":"https:\/\/egep.planejamento.rj.gov.br\/egep\/cursos\/#breadcrumb","itemListElement":[{"@type":"ListItem","position":1,"name":"In\u00edcio","item":"https:\/\/egep.planejamento.rj.gov.br\/egep\/"},{"@type":"ListItem","position":2,"name":"Cursos"}]},{"@type":"WebSite","@id":"https:\/\/egep.planejamento.rj.gov.br\/egep\/#website","url":"https:\/\/egep.planejamento.rj.gov.br\/egep\/","name":"Escola de Gest\u00e3o P\u00fablica do Estado do Rio de Janeiro","description":"A Escola de Gest\u00e3o P\u00fablica do Estado do Rio de Janeiro (EGEP\/RJ) integra a estrutura da Secretaria de Planejamento e Gest\u00e3o (SEPLAG)","publisher":{"@id":"https:\/\/egep.planejamento.rj.gov.br\/egep\/#organization"},"alternateName":"EGEP\/RJ","potentialAction":[{"@type":"SearchAction","target":{"@type":"EntryPoint","urlTemplate":"https:\/\/egep.planejamento.rj.gov.br\/egep\/?s={search_term_string}"},"query-input":{"@type":"PropertyValueSpecification","valueRequired":true,"valueName":"search_term_string"}}],"inLanguage":"pt-BR"},{"@type":"Organization","@id":"https:\/\/egep.planejamento.rj.gov.br\/egep\/#organization","name":"Escola de Gest\u00e3o P\u00fablica do Estado do Rio de Janeiro","url":"https:\/\/egep.planejamento.rj.gov.br\/egep\/","logo":{"@type":"ImageObject","inLanguage":"pt-BR","@id":"https:\/\/egep.planejamento.rj.gov.br\/egep\/#\/schema\/logo\/image\/","url":"https:\/\/egep.planejamento.rj.gov.br\/egep\/wp-content\/uploads\/2024\/02\/Egep_reduzida_colorida-1.png","contentUrl":"https:\/\/egep.planejamento.rj.gov.br\/egep\/wp-content\/uploads\/2024\/02\/Egep_reduzida_colorida-1.png","width":714,"height":185,"caption":"Escola de Gest\u00e3o P\u00fablica do Estado do Rio de Janeiro"},"image":{"@id":"https:\/\/egep.planejamento.rj.gov.br\/egep\/#\/schema\/logo\/image\/"}}]}},"rttpg_featured_image_url":null,"rttpg_author":{"display_name":"egep","author_link":"https:\/\/egep.planejamento.rj.gov.br\/egep\/author\/egep\/"},"rttpg_comment":0,"rttpg_category":null,"rttpg_excerpt":"Cursos Cursos de alta performance nas \u00e1reas de planejamento e gest\u00e3o","_links":{"self":[{"href":"https:\/\/egep.planejamento.rj.gov.br\/egep\/wp-json\/wp\/v2\/pages\/3167","targetHints":{"allow":["GET"]}}],"collection":[{"href":"https:\/\/egep.planejamento.rj.gov.br\/egep\/wp-json\/wp\/v2\/pages"}],"about":[{"href":"https:\/\/egep.planejamento.rj.gov.br\/egep\/wp-json\/wp\/v2\/types\/page"}],"author":[{"embeddable":true,"href":"https:\/\/egep.planejamento.rj.gov.br\/egep\/wp-json\/wp\/v2\/users\/2"}],"replies":[{"embeddable":true,"href":"https:\/\/egep.planejamento.rj.gov.br\/egep\/wp-json\/wp\/v2\/comments?post=3167"}],"version-history":[{"count":26,"href":"https:\/\/egep.planejamento.rj.gov.br\/egep\/wp-json\/wp\/v2\/pages\/3167\/revisions"}],"predecessor-version":[{"id":5159,"href":"https:\/\/egep.planejamento.rj.gov.br\/egep\/wp-json\/wp\/v2\/pages\/3167\/revisions\/5159"}],"wp:attachment":[{"href":"https:\/\/egep.planejamento.rj.gov.br\/egep\/wp-json\/wp\/v2\/media?parent=3167"}],"curies":[{"name":"wp","href":"https:\/\/api.w.org\/{rel}","templated":true}]}}